{"id":17402,"date":"2025-03-23T13:36:14","date_gmt":"2025-03-23T13:36:14","guid":{"rendered":"https:\/\/puertasmoral.com\/205825\/"},"modified":"2025-03-23T15:03:01","modified_gmt":"2025-03-23T15:03:01","slug":"205825","status":"publish","type":"product","link":"https:\/\/puertasmoral.com\/?product=205825","title":{"rendered":"Surtido de puntas SYS3 XXS CE-MX BH 60"},"content":{"rendered":"<p>adaptador magn\u00e9tico CENTROTEC BH 60 CE-Imp | punta TX 10 | punta TX 15 | punta TX 20 | 2x punta TX 25 | punta TX 30 | punta PZ 1 | 2x punta PZ 2 | punta PZ 3 | punta PH 1 | punta PH 2 | punta PH 3 | punta de destornillador de ranura 0,6&#215;4,5 | punta de destornillador de ranura 0,8&#215;5,5 | Systainer SYS3 XXS 33 con tapa transparente<\/p>\n<p>para taladro atornillador a bater\u00eda y taladro atornillador de percusi\u00f3n a bater\u00eda de Festool con fijaci\u00f3n FastFix y mandril WH-CE CENTROTEC<\/p>\n","protected":false},"excerpt":{"rendered":"<p>adaptador magn\u00e9tico CENTROTEC BH 60 CE-Imp | punta TX 10 | punta TX 15 | punta TX 20 | 2x punta TX 25 | punta TX 30 | punta PZ 1 | 2x punta PZ 2 | punta PZ 3 | punta PH 1 | punta PH 2 | punta PH 3 | punta de<\/p>\n<div class=\"klb-readmore post-buttons\"><a class=\"btn variant-primary\" href=\"https:\/\/puertasmoral.com\/?product=205825\">Read More <i class=\"klbth-icon-right-arrow\"><\/i><\/a><\/div>\n","protected":false},"featured_media":17403,"comment_status":"closed","ping_status":"closed","template":"","meta":{"_acf_changed":false},"product_brand":[1503],"product_cat":[797,995,1005,1019,1226],"product_tag":[],"class_list":{"0":"post-17402","1":"product","2":"type-product","3":"status-publish","4":"has-post-thumbnail","6":"product_brand-festool","7":"product_cat-festool","8":"product_cat-accesorios","9":"product_cat-taladros-y-atornilladores","10":"product_cat-portapuntas-y-puntas","11":"product_cat-sets-de-puntas","13":"first","14":"instock","15":"purchasable","16":"product-type-simple"},"acf":[],"_links":{"self":[{"href":"https:\/\/puertasmoral.com\/index.php?rest_route=\/wp\/v2\/product\/17402","targetHints":{"allow":["GET"]}}],"collection":[{"href":"https:\/\/puertasmoral.com\/index.php?rest_route=\/wp\/v2\/product"}],"about":[{"href":"https:\/\/puertasmoral.com\/index.php?rest_route=\/wp\/v2\/types\/product"}],"replies":[{"embeddable":true,"href":"https:\/\/puertasmoral.com\/index.php?rest_route=%2Fwp%2Fv2%2Fcomments&post=17402"}],"version-history":[{"count":1,"href":"https:\/\/puertasmoral.com\/index.php?rest_route=\/wp\/v2\/product\/17402\/revisions"}],"predecessor-version":[{"id":21601,"href":"https:\/\/puertasmoral.com\/index.php?rest_route=\/wp\/v2\/product\/17402\/revisions\/21601"}],"wp:featuredmedia":[{"embeddable":true,"href":"https:\/\/puertasmoral.com\/index.php?rest_route=\/wp\/v2\/media\/17403"}],"wp:attachment":[{"href":"https:\/\/puertasmoral.com\/index.php?rest_route=%2Fwp%2Fv2%2Fmedia&parent=17402"}],"wp:term":[{"taxonomy":"product_brand","embeddable":true,"href":"https:\/\/puertasmoral.com\/index.php?rest_route=%2Fwp%2Fv2%2Fproduct_brand&post=17402"},{"taxonomy":"product_cat","embeddable":true,"href":"https:\/\/puertasmoral.com\/index.php?rest_route=%2Fwp%2Fv2%2Fproduct_cat&post=17402"},{"taxonomy":"product_tag","embeddable":true,"href":"https:\/\/puertasmoral.com\/index.php?rest_route=%2Fwp%2Fv2%2Fproduct_tag&post=17402"}],"curies":[{"name":"wp","href":"https:\/\/api.w.org\/{rel}","templated":true}]}}