{"id":17513,"date":"2025-03-23T13:39:00","date_gmt":"2025-03-23T13:39:00","guid":{"rendered":"https:\/\/puertasmoral.com\/576795\/"},"modified":"2025-03-23T15:05:39","modified_gmt":"2025-03-23T15:05:39","slug":"576795","status":"publish","type":"product","link":"https:\/\/puertasmoral.com\/?product=576795","title":{"rendered":"Surtido de sistema de uniones DOMINOSV-SYS D14"},"content":{"rendered":"<p>32 pernos de anclaje SV-AB D14 | 12x perno doble SV-DB D14 | 32 anclajes de expansi\u00f3n SV-SA D14 | Tacos DOMINO de haya D 14 x 75 | 56x anclaje transversal SV-QA D14 | llave de espiga SW 4 | 48x ampliaci\u00f3n SV-V D14 para anclaje transversal | 32 cubiertas plateadas SV-AK D14 slr | 32 cubiertas marr\u00f3n oscuro SV-AK D14 brn1 | 32 cubiertas marr\u00f3n claro SV-AK D14 brn2 | Systainer SYS3 M 137<\/p>\n<p>para DF 700<\/p>\n","protected":false},"excerpt":{"rendered":"<p>32 pernos de anclaje SV-AB D14 | 12x perno doble SV-DB D14 | 32 anclajes de expansi\u00f3n SV-SA D14 | Tacos DOMINO de haya D 14 x 75 | 56x anclaje transversal SV-QA D14 | llave de espiga SW 4 | 48x ampliaci\u00f3n SV-V D14 para anclaje transversal | 32 cubiertas plateadas SV-AK D14 slr<\/p>\n<div class=\"klb-readmore post-buttons\"><a class=\"btn variant-primary\" href=\"https:\/\/puertasmoral.com\/?product=576795\">Read More <i class=\"klbth-icon-right-arrow\"><\/i><\/a><\/div>\n","protected":false},"featured_media":21762,"comment_status":"closed","ping_status":"closed","template":"","meta":{"_acf_changed":false},"product_brand":[1503],"product_cat":[797,995,1002,1003,1149],"product_tag":[],"class_list":{"0":"post-17513","1":"product","2":"type-product","3":"status-publish","4":"has-post-thumbnail","6":"product_brand-festool","7":"product_cat-festool","8":"product_cat-accesorios","9":"product_cat-fresadoras-y-sistemas-de-ensamblaje","10":"product_cat-accesorios-para-uniones","11":"product_cat-conector-domino","13":"first","14":"instock","15":"purchasable","16":"product-type-simple"},"acf":[],"_links":{"self":[{"href":"https:\/\/puertasmoral.com\/index.php?rest_route=\/wp\/v2\/product\/17513","targetHints":{"allow":["GET"]}}],"collection":[{"href":"https:\/\/puertasmoral.com\/index.php?rest_route=\/wp\/v2\/product"}],"about":[{"href":"https:\/\/puertasmoral.com\/index.php?rest_route=\/wp\/v2\/types\/product"}],"replies":[{"embeddable":true,"href":"https:\/\/puertasmoral.com\/index.php?rest_route=%2Fwp%2Fv2%2Fcomments&post=17513"}],"version-history":[{"count":1,"href":"https:\/\/puertasmoral.com\/index.php?rest_route=\/wp\/v2\/product\/17513\/revisions"}],"predecessor-version":[{"id":21761,"href":"https:\/\/puertasmoral.com\/index.php?rest_route=\/wp\/v2\/product\/17513\/revisions\/21761"}],"wp:featuredmedia":[{"embeddable":true,"href":"https:\/\/puertasmoral.com\/index.php?rest_route=\/wp\/v2\/media\/21762"}],"wp:attachment":[{"href":"https:\/\/puertasmoral.com\/index.php?rest_route=%2Fwp%2Fv2%2Fmedia&parent=17513"}],"wp:term":[{"taxonomy":"product_brand","embeddable":true,"href":"https:\/\/puertasmoral.com\/index.php?rest_route=%2Fwp%2Fv2%2Fproduct_brand&post=17513"},{"taxonomy":"product_cat","embeddable":true,"href":"https:\/\/puertasmoral.com\/index.php?rest_route=%2Fwp%2Fv2%2Fproduct_cat&post=17513"},{"taxonomy":"product_tag","embeddable":true,"href":"https:\/\/puertasmoral.com\/index.php?rest_route=%2Fwp%2Fv2%2Fproduct_tag&post=17513"}],"curies":[{"name":"wp","href":"https:\/\/api.w.org\/{rel}","templated":true}]}}