{"id":17521,"date":"2025-03-23T13:39:00","date_gmt":"2025-03-23T13:39:00","guid":{"rendered":"https:\/\/puertasmoral.com\/578055\/"},"modified":"2025-03-23T15:05:48","modified_gmt":"2025-03-23T15:05:48","slug":"578055","status":"publish","type":"product","link":"https:\/\/puertasmoral.com\/?product=578055","title":{"rendered":"M\u00f3dulo de iluminaci\u00f3n LM-OF 1010 R"},"content":{"rendered":"<p>anillo de luces | unidad de bater\u00eda con toma de carga USB-C<\/p>\n<p>para OF 1010 R (a partir de septiembre de 2021)<\/p>\n","protected":false},"excerpt":{"rendered":"<p>anillo de luces | unidad de bater\u00eda con toma de carga USB-C para OF 1010 R (a partir de septiembre de 2021)<\/p>\n","protected":false},"featured_media":21772,"comment_status":"closed","ping_status":"closed","template":"","meta":{"_acf_changed":false},"product_brand":[1503],"product_cat":[797,995,1047,1143,1444],"product_tag":[],"class_list":{"0":"post-17521","1":"product","2":"type-product","3":"status-publish","4":"has-post-thumbnail","6":"product_brand-festool","7":"product_cat-festool","8":"product_cat-accesorios","9":"product_cat-fresadoras","10":"product_cat-accesorios-de-maquinas-fresadoras","11":"product_cat-otros-accesorios-accesorios-de-maquinas-fresadoras","13":"first","14":"instock","15":"purchasable","16":"product-type-simple"},"acf":[],"_links":{"self":[{"href":"https:\/\/puertasmoral.com\/index.php?rest_route=\/wp\/v2\/product\/17521","targetHints":{"allow":["GET"]}}],"collection":[{"href":"https:\/\/puertasmoral.com\/index.php?rest_route=\/wp\/v2\/product"}],"about":[{"href":"https:\/\/puertasmoral.com\/index.php?rest_route=\/wp\/v2\/types\/product"}],"replies":[{"embeddable":true,"href":"https:\/\/puertasmoral.com\/index.php?rest_route=%2Fwp%2Fv2%2Fcomments&post=17521"}],"version-history":[{"count":1,"href":"https:\/\/puertasmoral.com\/index.php?rest_route=\/wp\/v2\/product\/17521\/revisions"}],"predecessor-version":[{"id":21771,"href":"https:\/\/puertasmoral.com\/index.php?rest_route=\/wp\/v2\/product\/17521\/revisions\/21771"}],"wp:featuredmedia":[{"embeddable":true,"href":"https:\/\/puertasmoral.com\/index.php?rest_route=\/wp\/v2\/media\/21772"}],"wp:attachment":[{"href":"https:\/\/puertasmoral.com\/index.php?rest_route=%2Fwp%2Fv2%2Fmedia&parent=17521"}],"wp:term":[{"taxonomy":"product_brand","embeddable":true,"href":"https:\/\/puertasmoral.com\/index.php?rest_route=%2Fwp%2Fv2%2Fproduct_brand&post=17521"},{"taxonomy":"product_cat","embeddable":true,"href":"https:\/\/puertasmoral.com\/index.php?rest_route=%2Fwp%2Fv2%2Fproduct_cat&post=17521"},{"taxonomy":"product_tag","embeddable":true,"href":"https:\/\/puertasmoral.com\/index.php?rest_route=%2Fwp%2Fv2%2Fproduct_tag&post=17521"}],"curies":[{"name":"wp","href":"https:\/\/api.w.org\/{rel}","templated":true}]}}