{"id":17570,"date":"2025-03-23T13:40:21","date_gmt":"2025-03-23T13:40:21","guid":{"rendered":"https:\/\/puertasmoral.com\/205824\/"},"modified":"2025-03-23T15:07:01","modified_gmt":"2025-03-23T15:07:01","slug":"205824","status":"publish","type":"product","link":"https:\/\/puertasmoral.com\/?product=205824","title":{"rendered":"Surtido de puntas SYS3 XXS CE-PZ BHS 60"},"content":{"rendered":"<p>adaptador de cambio r\u00e1pido CENTROTEC BHS 60 CE | 5x punta PZ 1 | 7x punta PZ 2 | 3x punta PZ 3 | Systainer SYS3 XXS 33 con tapa transparente<\/p>\n<p>para taladro atornillador a bater\u00eda y taladro atornillador de percusi\u00f3n a bater\u00eda de Festool con fijaci\u00f3n FastFix y mandril WH-CE CENTROTEC<\/p>\n","protected":false},"excerpt":{"rendered":"<p>adaptador de cambio r\u00e1pido CENTROTEC BHS 60 CE | 5x punta PZ 1 | 7x punta PZ 2 | 3x punta PZ 3 | Systainer SYS3 XXS 33 con tapa transparente para taladro atornillador a bater\u00eda y taladro atornillador de percusi\u00f3n a bater\u00eda de Festool con fijaci\u00f3n FastFix y mandril WH-CE CENTROTEC<\/p>\n","protected":false},"featured_media":21827,"comment_status":"closed","ping_status":"closed","template":"","meta":{"_acf_changed":false},"product_brand":[1503],"product_cat":[797,995,1005,1019,1226],"product_tag":[],"class_list":{"0":"post-17570","1":"product","2":"type-product","3":"status-publish","4":"has-post-thumbnail","6":"product_brand-festool","7":"product_cat-festool","8":"product_cat-accesorios","9":"product_cat-taladros-y-atornilladores","10":"product_cat-portapuntas-y-puntas","11":"product_cat-sets-de-puntas","13":"first","14":"instock","15":"purchasable","16":"product-type-simple"},"acf":[],"_links":{"self":[{"href":"https:\/\/puertasmoral.com\/index.php?rest_route=\/wp\/v2\/product\/17570","targetHints":{"allow":["GET"]}}],"collection":[{"href":"https:\/\/puertasmoral.com\/index.php?rest_route=\/wp\/v2\/product"}],"about":[{"href":"https:\/\/puertasmoral.com\/index.php?rest_route=\/wp\/v2\/types\/product"}],"replies":[{"embeddable":true,"href":"https:\/\/puertasmoral.com\/index.php?rest_route=%2Fwp%2Fv2%2Fcomments&post=17570"}],"version-history":[{"count":1,"href":"https:\/\/puertasmoral.com\/index.php?rest_route=\/wp\/v2\/product\/17570\/revisions"}],"predecessor-version":[{"id":21826,"href":"https:\/\/puertasmoral.com\/index.php?rest_route=\/wp\/v2\/product\/17570\/revisions\/21826"}],"wp:featuredmedia":[{"embeddable":true,"href":"https:\/\/puertasmoral.com\/index.php?rest_route=\/wp\/v2\/media\/21827"}],"wp:attachment":[{"href":"https:\/\/puertasmoral.com\/index.php?rest_route=%2Fwp%2Fv2%2Fmedia&parent=17570"}],"wp:term":[{"taxonomy":"product_brand","embeddable":true,"href":"https:\/\/puertasmoral.com\/index.php?rest_route=%2Fwp%2Fv2%2Fproduct_brand&post=17570"},{"taxonomy":"product_cat","embeddable":true,"href":"https:\/\/puertasmoral.com\/index.php?rest_route=%2Fwp%2Fv2%2Fproduct_cat&post=17570"},{"taxonomy":"product_tag","embeddable":true,"href":"https:\/\/puertasmoral.com\/index.php?rest_route=%2Fwp%2Fv2%2Fproduct_tag&post=17570"}],"curies":[{"name":"wp","href":"https:\/\/api.w.org\/{rel}","templated":true}]}}