{"id":17597,"date":"2025-03-23T13:41:19","date_gmt":"2025-03-23T13:41:19","guid":{"rendered":"https:\/\/puertasmoral.com\/499892\/"},"modified":"2025-03-23T15:07:42","modified_gmt":"2025-03-23T15:07:42","slug":"499892","status":"publish","type":"product","link":"https:\/\/puertasmoral.com\/?product=499892","title":{"rendered":"Banda de rodadura para la protecci\u00f3n contra ara\u00f1azos LAS-STF-KA 65"},"content":{"rendered":"<p>4x tornillos de fijaci\u00f3n | 3x fieltros<\/p>\n<p>para KA 65<\/p>\n","protected":false},"excerpt":{"rendered":"<p>4x tornillos de fijaci\u00f3n | 3x fieltros para KA 65<\/p>\n","protected":false},"featured_media":17598,"comment_status":"closed","ping_status":"closed","template":"","meta":{"_acf_changed":false},"product_brand":[1503],"product_cat":[797,995,1065,1066],"product_tag":[],"class_list":{"0":"post-17597","1":"product","2":"type-product","3":"status-publish","4":"has-post-thumbnail","6":"product_brand-festool","7":"product_cat-festool","8":"product_cat-accesorios","9":"product_cat-canteadoras","10":"product_cat-otros-accesorios-canteadoras","12":"first","13":"instock","14":"purchasable","15":"product-type-simple"},"acf":[],"_links":{"self":[{"href":"https:\/\/puertasmoral.com\/index.php?rest_route=\/wp\/v2\/product\/17597","targetHints":{"allow":["GET"]}}],"collection":[{"href":"https:\/\/puertasmoral.com\/index.php?rest_route=\/wp\/v2\/product"}],"about":[{"href":"https:\/\/puertasmoral.com\/index.php?rest_route=\/wp\/v2\/types\/product"}],"replies":[{"embeddable":true,"href":"https:\/\/puertasmoral.com\/index.php?rest_route=%2Fwp%2Fv2%2Fcomments&post=17597"}],"version-history":[{"count":1,"href":"https:\/\/puertasmoral.com\/index.php?rest_route=\/wp\/v2\/product\/17597\/revisions"}],"predecessor-version":[{"id":21867,"href":"https:\/\/puertasmoral.com\/index.php?rest_route=\/wp\/v2\/product\/17597\/revisions\/21867"}],"wp:featuredmedia":[{"embeddable":true,"href":"https:\/\/puertasmoral.com\/index.php?rest_route=\/wp\/v2\/media\/17598"}],"wp:attachment":[{"href":"https:\/\/puertasmoral.com\/index.php?rest_route=%2Fwp%2Fv2%2Fmedia&parent=17597"}],"wp:term":[{"taxonomy":"product_brand","embeddable":true,"href":"https:\/\/puertasmoral.com\/index.php?rest_route=%2Fwp%2Fv2%2Fproduct_brand&post=17597"},{"taxonomy":"product_cat","embeddable":true,"href":"https:\/\/puertasmoral.com\/index.php?rest_route=%2Fwp%2Fv2%2Fproduct_cat&post=17597"},{"taxonomy":"product_tag","embeddable":true,"href":"https:\/\/puertasmoral.com\/index.php?rest_route=%2Fwp%2Fv2%2Fproduct_tag&post=17597"}],"curies":[{"name":"wp","href":"https:\/\/api.w.org\/{rel}","templated":true}]}}