{"id":24283,"date":"2025-11-07T23:52:32","date_gmt":"2025-11-07T23:52:32","guid":{"rendered":"https:\/\/puertasmoral.com\/?post_type=product&#038;p=24283"},"modified":"2025-11-07T23:52:32","modified_gmt":"2025-11-07T23:52:32","slug":"valeria-17","status":"publish","type":"product","link":"https:\/\/puertasmoral.com\/?product=valeria-17","title":{"rendered":"VALERIA 17"},"content":{"rendered":"<h4 class=\"fusion-responsive-typography-calculated\" data-fontsize=\"19\" data-lineheight=\"22.8px\">63 x 56.5 x 116,5 cm \u2013 146 kg<\/h4>\n<p><strong>COLORES: BLANCO &#8211; BURDEOS<\/strong><\/p>\n<hr \/>\n<p>Estufa de biomasa policombustible capaz de quemar pellet, hueso de aceituna y cascara de almendra, cuenta con una potencia nominal de 17kW y mando a distancia.<\/p>\n<h4 class=\"fusion-responsive-typography-calculated\" data-fontsize=\"19\" data-lineheight=\"22.8px\"><strong>3 a\u00f1os de garant\u00eda y fabricaci\u00f3n nacional.<\/strong><\/h4>\n<hr \/>\n<h4 class=\"fusion-responsive-typography-calculated\" data-fontsize=\"19\" data-lineheight=\"22.8px\"><strong>Caracter\u00edsticas principales:<\/strong><\/h4>\n<ul>\n<li>Fabricaci\u00f3n en acero y pintura en polvo epoxy<\/li>\n<li>Tolva combustible estanca<\/li>\n<li>Cristal cer\u00e1mico<\/li>\n<li>Display t\u00e1ctil<\/li>\n<li>Programable<\/li>\n<li>Brasero de fundici\u00f3n<\/li>\n<li>Caj\u00f3n de ceniza con autonom\u00eda para 1 semana<\/li>\n<li>Ventilador silencioso<\/li>\n<li>2 ventiladores adicionales para calentar 2 espacios con temperaturas diferentes<\/li>\n<li>Mando a distancia<\/li>\n<li>Regulaci\u00f3n completamente autom\u00e1tica<\/li>\n<\/ul>\n","protected":false},"excerpt":{"rendered":"<p>63 x 56.5 x 116,5 cm \u2013 146 kg COLORES: BLANCO &#8211; BURDEOS Estufa de biomasa policombustible capaz de quemar pellet, hueso de aceituna y cascara de almendra, cuenta con una potencia nominal de 17kW y mando a distancia. 3 a\u00f1os de garant\u00eda y fabricaci\u00f3n nacional. Caracter\u00edsticas principales: Fabricaci\u00f3n en acero y pintura en polvo<\/p>\n<div class=\"klb-readmore post-buttons\"><a class=\"btn variant-primary\" href=\"https:\/\/puertasmoral.com\/?product=valeria-17\">Read More <i class=\"klbth-icon-right-arrow\"><\/i><\/a><\/div>\n","protected":false},"featured_media":24285,"comment_status":"open","ping_status":"closed","template":"","meta":{"_acf_changed":false},"product_brand":[],"product_cat":[805,814,884],"product_tag":[],"class_list":{"0":"post-24283","1":"product","2":"type-product","3":"status-publish","4":"has-post-thumbnail","6":"product_cat-estufas","7":"product_cat-fogosur","8":"product_cat-estufas-de-pellet","9":"pa_capacidad-del-deposito-36-kg","11":"first","12":"instock","13":"taxable","14":"shipping-taxable","15":"purchasable","16":"product-type-simple"},"acf":[],"_links":{"self":[{"href":"https:\/\/puertasmoral.com\/index.php?rest_route=\/wp\/v2\/product\/24283","targetHints":{"allow":["GET"]}}],"collection":[{"href":"https:\/\/puertasmoral.com\/index.php?rest_route=\/wp\/v2\/product"}],"about":[{"href":"https:\/\/puertasmoral.com\/index.php?rest_route=\/wp\/v2\/types\/product"}],"replies":[{"embeddable":true,"href":"https:\/\/puertasmoral.com\/index.php?rest_route=%2Fwp%2Fv2%2Fcomments&post=24283"}],"version-history":[{"count":1,"href":"https:\/\/puertasmoral.com\/index.php?rest_route=\/wp\/v2\/product\/24283\/revisions"}],"predecessor-version":[{"id":24286,"href":"https:\/\/puertasmoral.com\/index.php?rest_route=\/wp\/v2\/product\/24283\/revisions\/24286"}],"wp:featuredmedia":[{"embeddable":true,"href":"https:\/\/puertasmoral.com\/index.php?rest_route=\/wp\/v2\/media\/24285"}],"wp:attachment":[{"href":"https:\/\/puertasmoral.com\/index.php?rest_route=%2Fwp%2Fv2%2Fmedia&parent=24283"}],"wp:term":[{"taxonomy":"product_brand","embeddable":true,"href":"https:\/\/puertasmoral.com\/index.php?rest_route=%2Fwp%2Fv2%2Fproduct_brand&post=24283"},{"taxonomy":"product_cat","embeddable":true,"href":"https:\/\/puertasmoral.com\/index.php?rest_route=%2Fwp%2Fv2%2Fproduct_cat&post=24283"},{"taxonomy":"product_tag","embeddable":true,"href":"https:\/\/puertasmoral.com\/index.php?rest_route=%2Fwp%2Fv2%2Fproduct_tag&post=24283"}],"curies":[{"name":"wp","href":"https:\/\/api.w.org\/{rel}","templated":true}]}}