{"id":8452,"date":"2024-11-04T22:28:48","date_gmt":"2024-11-04T22:28:48","guid":{"rendered":"https:\/\/puertasmoral.com\/?post_type=product&#038;p=8452"},"modified":"2024-11-17T10:18:30","modified_gmt":"2024-11-17T10:18:30","slug":"aspirador-profesional-cleantec-ct-15-e-set","status":"publish","type":"product","link":"https:\/\/puertasmoral.com\/?product=aspirador-profesional-cleantec-ct-15-e-set","title":{"rendered":"Aspirador profesional CLEANTEC CT 15 E-Set"},"content":{"rendered":"<p>Funci\u00f3n antiest\u00e1tica. Sistema electr\u00f3nico de regulaci\u00f3n de revoluciones. Sistema CLEANTEC como elemento de uni\u00f3n entre componentes.<\/p>\n","protected":false},"excerpt":{"rendered":"<p>Funci\u00f3n antiest\u00e1tica. Sistema electr\u00f3nico de regulaci\u00f3n de revoluciones. Sistema CLEANTEC como elemento de uni\u00f3n entre componentes.<\/p>\n","protected":false},"featured_media":8495,"comment_status":"closed","ping_status":"closed","template":"","meta":{"_acf_changed":false},"product_brand":[1503],"product_cat":[796,797],"product_tag":[],"class_list":{"0":"post-8452","1":"product","2":"type-product","3":"status-publish","4":"has-post-thumbnail","6":"product_brand-festool","7":"product_cat-herramienta-electrica","8":"product_cat-festool","10":"first","11":"instock","12":"purchasable","13":"product-type-simple"},"acf":[],"_links":{"self":[{"href":"https:\/\/puertasmoral.com\/index.php?rest_route=\/wp\/v2\/product\/8452","targetHints":{"allow":["GET"]}}],"collection":[{"href":"https:\/\/puertasmoral.com\/index.php?rest_route=\/wp\/v2\/product"}],"about":[{"href":"https:\/\/puertasmoral.com\/index.php?rest_route=\/wp\/v2\/types\/product"}],"replies":[{"embeddable":true,"href":"https:\/\/puertasmoral.com\/index.php?rest_route=%2Fwp%2Fv2%2Fcomments&post=8452"}],"version-history":[{"count":1,"href":"https:\/\/puertasmoral.com\/index.php?rest_route=\/wp\/v2\/product\/8452\/revisions"}],"predecessor-version":[{"id":8496,"href":"https:\/\/puertasmoral.com\/index.php?rest_route=\/wp\/v2\/product\/8452\/revisions\/8496"}],"wp:featuredmedia":[{"embeddable":true,"href":"https:\/\/puertasmoral.com\/index.php?rest_route=\/wp\/v2\/media\/8495"}],"wp:attachment":[{"href":"https:\/\/puertasmoral.com\/index.php?rest_route=%2Fwp%2Fv2%2Fmedia&parent=8452"}],"wp:term":[{"taxonomy":"product_brand","embeddable":true,"href":"https:\/\/puertasmoral.com\/index.php?rest_route=%2Fwp%2Fv2%2Fproduct_brand&post=8452"},{"taxonomy":"product_cat","embeddable":true,"href":"https:\/\/puertasmoral.com\/index.php?rest_route=%2Fwp%2Fv2%2Fproduct_cat&post=8452"},{"taxonomy":"product_tag","embeddable":true,"href":"https:\/\/puertasmoral.com\/index.php?rest_route=%2Fwp%2Fv2%2Fproduct_tag&post=8452"}],"curies":[{"name":"wp","href":"https:\/\/api.w.org\/{rel}","templated":true}]}}