{"id":8457,"date":"2024-11-04T22:28:49","date_gmt":"2024-11-04T22:28:49","guid":{"rendered":"https:\/\/puertasmoral.com\/?post_type=product&#038;p=8457"},"modified":"2024-11-17T10:18:30","modified_gmt":"2024-11-17T10:18:30","slug":"bolsa-filtrante-sc-fis-ct-26-5-para-ct-26","status":"publish","type":"product","link":"https:\/\/puertasmoral.com\/?product=bolsa-filtrante-sc-fis-ct-26-5-para-ct-26","title":{"rendered":"BOLSA FILTRANTE SC FIS-CT 26\/5 para CT 26"},"content":{"rendered":"<h3>Dotaci\u00f3n de Suministro:<\/h3>\n<ul>\n<li><strong>Contenido del paquete<\/strong>: 5 unidades de bolsas filtrantes.<\/li>\n<\/ul>\n<h3>Caracter\u00edsticas y Beneficios:<\/h3>\n<ul>\n<li><strong>Evita la acumulaci\u00f3n de polvo<\/strong> en el sistema de aspiraci\u00f3n, manteniendo un ambiente de trabajo limpio.<\/li>\n<li><strong>Bolsa filtrante de vell\u00f3n de alta calidad<\/strong>, que realiza una limpieza autom\u00e1tica del polvo acumulado.<\/li>\n<li><strong>Tecnolog\u00eda Selfclean<\/strong>: La bolsa se infla al encender el sistema m\u00f3vil de aspiraci\u00f3n y se pliega al apagarlo, soltando el polvo acumulado para prolongar la limpieza y mantener una potencia de aspiraci\u00f3n constante.<\/li>\n<li><strong>Vell\u00f3n de poli\u00e9ster de 3 capas<\/strong>: Material de alto valor y resistente a los desgarros.<\/li>\n<li><strong>Aprovechamiento \u00f3ptimo del volumen<\/strong>: Garantiza alta capacidad y rendimiento constante durante la aspiraci\u00f3n.<\/li>\n<li><strong>Para polvos de clase L y M<\/strong>: Adecuado para diferentes tipos de polvo.<\/li>\n<li><strong>Certificaci\u00f3n FSC\u2122<\/strong>: Asegura un manejo responsable de los materiales.<\/li>\n<\/ul>\n<p>Este tipo de bolsa filtrante es ideal para mantener el rendimiento de los sistemas de aspiraci\u00f3n, especialmente en entornos donde la limpieza y la eficiencia son esenciales para evitar la exposici\u00f3n al polvo y mantener el entorno de trabajo seguro. \u00bfTe gustar\u00eda m\u00e1s informaci\u00f3n sobre este producto o alguna aplicaci\u00f3n espec\u00edfica?<\/p>\n","protected":false},"excerpt":{"rendered":"<p>Dotaci\u00f3n de Suministro: Contenido del paquete: 5 unidades de bolsas filtrantes. Caracter\u00edsticas y Beneficios: Evita la acumulaci\u00f3n de polvo en el sistema de aspiraci\u00f3n, manteniendo un ambiente de trabajo limpio. Bolsa filtrante de vell\u00f3n de alta calidad, que realiza una limpieza autom\u00e1tica del polvo acumulado. Tecnolog\u00eda Selfclean: La bolsa se infla al encender el sistema<\/p>\n<div class=\"klb-readmore post-buttons\"><a class=\"btn variant-primary\" href=\"https:\/\/puertasmoral.com\/?product=bolsa-filtrante-sc-fis-ct-26-5-para-ct-26\">Read More <i class=\"klbth-icon-right-arrow\"><\/i><\/a><\/div>\n","protected":false},"featured_media":8508,"comment_status":"closed","ping_status":"closed","template":"","meta":{"_acf_changed":false},"product_brand":[1503],"product_cat":[796,797],"product_tag":[798],"class_list":{"0":"post-8457","1":"product","2":"type-product","3":"status-publish","4":"has-post-thumbnail","6":"product_brand-festool","7":"product_cat-herramienta-electrica","8":"product_cat-festool","9":"product_tag-https-www-festool-es-accesorios-aspiradores-profesionales-filtros-y-bolsas-filtrantes-bolsas-filtrantes-496187-sc-fis-ct-265funciones","11":"first","12":"instock","13":"purchasable","14":"product-type-simple"},"acf":[],"_links":{"self":[{"href":"https:\/\/puertasmoral.com\/index.php?rest_route=\/wp\/v2\/product\/8457","targetHints":{"allow":["GET"]}}],"collection":[{"href":"https:\/\/puertasmoral.com\/index.php?rest_route=\/wp\/v2\/product"}],"about":[{"href":"https:\/\/puertasmoral.com\/index.php?rest_route=\/wp\/v2\/types\/product"}],"replies":[{"embeddable":true,"href":"https:\/\/puertasmoral.com\/index.php?rest_route=%2Fwp%2Fv2%2Fcomments&post=8457"}],"version-history":[{"count":1,"href":"https:\/\/puertasmoral.com\/index.php?rest_route=\/wp\/v2\/product\/8457\/revisions"}],"predecessor-version":[{"id":8509,"href":"https:\/\/puertasmoral.com\/index.php?rest_route=\/wp\/v2\/product\/8457\/revisions\/8509"}],"wp:featuredmedia":[{"embeddable":true,"href":"https:\/\/puertasmoral.com\/index.php?rest_route=\/wp\/v2\/media\/8508"}],"wp:attachment":[{"href":"https:\/\/puertasmoral.com\/index.php?rest_route=%2Fwp%2Fv2%2Fmedia&parent=8457"}],"wp:term":[{"taxonomy":"product_brand","embeddable":true,"href":"https:\/\/puertasmoral.com\/index.php?rest_route=%2Fwp%2Fv2%2Fproduct_brand&post=8457"},{"taxonomy":"product_cat","embeddable":true,"href":"https:\/\/puertasmoral.com\/index.php?rest_route=%2Fwp%2Fv2%2Fproduct_cat&post=8457"},{"taxonomy":"product_tag","embeddable":true,"href":"https:\/\/puertasmoral.com\/index.php?rest_route=%2Fwp%2Fv2%2Fproduct_tag&post=8457"}],"curies":[{"name":"wp","href":"https:\/\/api.w.org\/{rel}","templated":true}]}}