{"id":8530,"date":"2024-11-04T22:29:14","date_gmt":"2024-11-04T22:29:14","guid":{"rendered":"https:\/\/puertasmoral.com\/?post_type=product&#038;p=8530"},"modified":"2024-11-17T10:13:34","modified_gmt":"2024-11-17T10:13:34","slug":"lijadora-excentrica-de-engranaje-ro150-feq-gr-set-p-rotex","status":"publish","type":"product","link":"https:\/\/puertasmoral.com\/?product=lijadora-excentrica-de-engranaje-ro150-feq-gr-set-p-rotex","title":{"rendered":"Lijadora exc\u00e9ntrica de engranaje RO150 FEQ GR-Set P ROTEX"},"content":{"rendered":"<h3>Caracter\u00edsticas principales:<\/h3>\n<ul>\n<li><strong>Tres herramientas en una<\/strong>: Ideal para lijado basto, lijado fino y pulido.<\/li>\n<li><strong>Cambio r\u00e1pido<\/strong> de plato lijador gracias al sistema FastFix, sin necesidad de herramientas.<\/li>\n<li><strong>Movimiento exc\u00e9ntrico<\/strong> que proporciona un acabado de alta calidad sin marcas visibles.<\/li>\n<li><strong>Protector<\/strong> para lijar cerca de los bordes sin da\u00f1arlos.<\/li>\n<li><strong>Dise\u00f1o ergon\u00f3mico<\/strong> para una mejor comodidad en el uso prolongado.<\/li>\n<li><strong>Potente arranque de material<\/strong> gracias al movimiento ROTEX.<\/li>\n<\/ul>\n<h3>Aplicaciones:<\/h3>\n<ul>\n<li>Lijado de pinturas y barnices.<\/li>\n<li>Tratamiento de piezas de madera y renovaci\u00f3n de escaleras.<\/li>\n<li>Pulido sin hologramas para acabados perfectos.<\/li>\n<li>Trabajos en materiales minerales y masillas de veh\u00edculos.<\/li>\n<\/ul>\n<h3>Dotaci\u00f3n de suministro:<\/h3>\n<p>Incluye set de abrasivos Granat, plato lijador, protector, cable de 4 m, y caja de almacenamiento Systainer.<\/p>\n<h3>Datos t\u00e9cnicos:<\/h3>\n<ul>\n<li><strong>Potencia<\/strong>: 720 W.<\/li>\n<li><strong>Velocidad rotaci\u00f3n orbital<\/strong>: 320 &#8211; 660 min\u207b\u00b9.<\/li>\n<li><strong>Revoluciones del movimiento exc\u00e9ntrico<\/strong>: 3300 &#8211; 6800 min\u207b\u00b9.<\/li>\n<li><strong>\u00d3rbita<\/strong>: 5 mm.<\/li>\n<li><strong>Di\u00e1metro del plato lijador<\/strong>: 150 mm.<\/li>\n<li><strong>Peso<\/strong>: 2.7 kg (producto), 5.3 kg (con accesorios).<\/li>\n<\/ul>\n<p>Este tipo de herramienta es ideal para profesionales que necesitan versatilidad en trabajos de lijado y pulido con acabados de calidad. \u00bfTe gustar\u00eda m\u00e1s informaci\u00f3n sobre alg\u00fan aspecto en particular o necesitas ayuda con algo m\u00e1s espec\u00edfico?<\/p>\n","protected":false},"excerpt":{"rendered":"<p>Caracter\u00edsticas principales: Tres herramientas en una: Ideal para lijado basto, lijado fino y pulido. Cambio r\u00e1pido de plato lijador gracias al sistema FastFix, sin necesidad de herramientas. Movimiento exc\u00e9ntrico que proporciona un acabado de alta calidad sin marcas visibles. Protector para lijar cerca de los bordes sin da\u00f1arlos. Dise\u00f1o ergon\u00f3mico para una mejor comodidad en<\/p>\n<div class=\"klb-readmore post-buttons\"><a class=\"btn variant-primary\" href=\"https:\/\/puertasmoral.com\/?product=lijadora-excentrica-de-engranaje-ro150-feq-gr-set-p-rotex\">Read More <i class=\"klbth-icon-right-arrow\"><\/i><\/a><\/div>\n","protected":false},"featured_media":8593,"comment_status":"closed","ping_status":"closed","template":"","meta":{"_acf_changed":false},"product_brand":[1503],"product_cat":[796,797],"product_tag":[],"class_list":{"0":"post-8530","1":"product","2":"type-product","3":"status-publish","4":"has-post-thumbnail","6":"product_brand-festool","7":"product_cat-herramienta-electrica","8":"product_cat-festool","10":"first","11":"instock","12":"taxable","13":"shipping-taxable","14":"purchasable","15":"product-type-simple"},"acf":[],"_links":{"self":[{"href":"https:\/\/puertasmoral.com\/index.php?rest_route=\/wp\/v2\/product\/8530","targetHints":{"allow":["GET"]}}],"collection":[{"href":"https:\/\/puertasmoral.com\/index.php?rest_route=\/wp\/v2\/product"}],"about":[{"href":"https:\/\/puertasmoral.com\/index.php?rest_route=\/wp\/v2\/types\/product"}],"replies":[{"embeddable":true,"href":"https:\/\/puertasmoral.com\/index.php?rest_route=%2Fwp%2Fv2%2Fcomments&post=8530"}],"version-history":[{"count":1,"href":"https:\/\/puertasmoral.com\/index.php?rest_route=\/wp\/v2\/product\/8530\/revisions"}],"predecessor-version":[{"id":8594,"href":"https:\/\/puertasmoral.com\/index.php?rest_route=\/wp\/v2\/product\/8530\/revisions\/8594"}],"wp:featuredmedia":[{"embeddable":true,"href":"https:\/\/puertasmoral.com\/index.php?rest_route=\/wp\/v2\/media\/8593"}],"wp:attachment":[{"href":"https:\/\/puertasmoral.com\/index.php?rest_route=%2Fwp%2Fv2%2Fmedia&parent=8530"}],"wp:term":[{"taxonomy":"product_brand","embeddable":true,"href":"https:\/\/puertasmoral.com\/index.php?rest_route=%2Fwp%2Fv2%2Fproduct_brand&post=8530"},{"taxonomy":"product_cat","embeddable":true,"href":"https:\/\/puertasmoral.com\/index.php?rest_route=%2Fwp%2Fv2%2Fproduct_cat&post=8530"},{"taxonomy":"product_tag","embeddable":true,"href":"https:\/\/puertasmoral.com\/index.php?rest_route=%2Fwp%2Fv2%2Fproduct_tag&post=8530"}],"curies":[{"name":"wp","href":"https:\/\/api.w.org\/{rel}","templated":true}]}}