{"id":8601,"date":"2024-11-04T22:29:40","date_gmt":"2024-11-04T22:29:40","guid":{"rendered":"https:\/\/puertasmoral.com\/?post_type=product&#038;p=8601"},"modified":"2024-11-17T10:13:32","modified_gmt":"2024-11-17T10:13:32","slug":"taladro-artonillador-txs-li-2-6-plus","status":"publish","type":"product","link":"https:\/\/puertasmoral.com\/?product=taladro-artonillador-txs-li-2-6-plus","title":{"rendered":"TALADRO ARTONILLADOR TXS LI 2.6 PLUS"},"content":{"rendered":"<div class=\"textelement\">\n<p>Un taladro atornillador ligero y potente y con un dise\u00f1o ergon\u00f3mico en \u00abT\u00bb. Su par de giro permite llegar a los lugares m\u00e1s inaccesibles. Una fabricaci\u00f3n compacta y equilibrada que distribuye el peso, haci\u00e9ndolo ideal para trabajos por encima de la cabeza. Sus bater\u00edas de iones de litio con indicaci\u00f3n de estado de carga son muy duraderas.<\/p>\n<p>El sistema CENTROTEC, que permite un cambio r\u00e1pido de herramienta, con un par de giro de 12 niveles.<\/p>\n<\/div>\n<div class=\"triangle listelement\">\n<ul class=\"triangle__container\">\n<li class=\"triangle__element\">Ergonom\u00eda convincente y bajo peso (0,9 kg) para taladrar y atornillar con comodidad<\/li>\n<li class=\"triangle__element\">Su forma compacta y manejable facilita el trabajo incluso en lugares estrechos<\/li>\n<li class=\"triangle__element\">Sujeci\u00f3n r\u00e1pida FastFix y sistema de cambio r\u00e1pido de herramienta CENTROTEC<\/li>\n<li class=\"triangle__element\">Pr\u00e1ctico, indicaci\u00f3n de la capacidad integrada<\/li>\n<li class=\"triangle__element\">Ajuste del par de giro en 12 niveles y desconexi\u00f3n para atornillar con precisi\u00f3n<\/li>\n<li class=\"triangle__element\">\u00daltima tecnolog\u00eda de bater\u00edas de iones de litio para un m\u00e1ximo rendimiento<\/li>\n<li class=\"triangle__element\">Luz LED integrada e indicaci\u00f3n de la estaci\u00f3n de carga de la bater\u00eda<\/li>\n<\/ul>\n<\/div>\n","protected":false},"excerpt":{"rendered":"<p>Cargador, 2 baterias<\/p>\n","protected":false},"featured_media":8671,"comment_status":"closed","ping_status":"closed","template":"","meta":{"_acf_changed":false},"product_brand":[1503],"product_cat":[796,797],"product_tag":[],"class_list":{"0":"post-8601","1":"product","2":"type-product","3":"status-publish","4":"has-post-thumbnail","6":"product_brand-festool","7":"product_cat-herramienta-electrica","8":"product_cat-festool","10":"first","11":"outofstock","12":"taxable","13":"shipping-taxable","14":"purchasable","15":"product-type-simple"},"acf":[],"_links":{"self":[{"href":"https:\/\/puertasmoral.com\/index.php?rest_route=\/wp\/v2\/product\/8601","targetHints":{"allow":["GET"]}}],"collection":[{"href":"https:\/\/puertasmoral.com\/index.php?rest_route=\/wp\/v2\/product"}],"about":[{"href":"https:\/\/puertasmoral.com\/index.php?rest_route=\/wp\/v2\/types\/product"}],"replies":[{"embeddable":true,"href":"https:\/\/puertasmoral.com\/index.php?rest_route=%2Fwp%2Fv2%2Fcomments&post=8601"}],"version-history":[{"count":1,"href":"https:\/\/puertasmoral.com\/index.php?rest_route=\/wp\/v2\/product\/8601\/revisions"}],"predecessor-version":[{"id":8672,"href":"https:\/\/puertasmoral.com\/index.php?rest_route=\/wp\/v2\/product\/8601\/revisions\/8672"}],"wp:featuredmedia":[{"embeddable":true,"href":"https:\/\/puertasmoral.com\/index.php?rest_route=\/wp\/v2\/media\/8671"}],"wp:attachment":[{"href":"https:\/\/puertasmoral.com\/index.php?rest_route=%2Fwp%2Fv2%2Fmedia&parent=8601"}],"wp:term":[{"taxonomy":"product_brand","embeddable":true,"href":"https:\/\/puertasmoral.com\/index.php?rest_route=%2Fwp%2Fv2%2Fproduct_brand&post=8601"},{"taxonomy":"product_cat","embeddable":true,"href":"https:\/\/puertasmoral.com\/index.php?rest_route=%2Fwp%2Fv2%2Fproduct_cat&post=8601"},{"taxonomy":"product_tag","embeddable":true,"href":"https:\/\/puertasmoral.com\/index.php?rest_route=%2Fwp%2Fv2%2Fproduct_tag&post=8601"}],"curies":[{"name":"wp","href":"https:\/\/api.w.org\/{rel}","templated":true}]}}