{"id":8603,"date":"2024-11-04T22:29:40","date_gmt":"2024-11-04T22:29:40","guid":{"rendered":"https:\/\/puertasmoral.com\/?post_type=product&#038;p=8603"},"modified":"2024-11-17T10:13:32","modified_gmt":"2024-11-17T10:13:32","slug":"taladro-atornillador-de-bateria-c-18-li-5-2-plus","status":"publish","type":"product","link":"https:\/\/puertasmoral.com\/?product=taladro-atornillador-de-bateria-c-18-li-5-2-plus","title":{"rendered":"Taladro atornillador de bater\u00eda, C 18 Li 5.2-Plus"},"content":{"rendered":"<p>\u200e2 bater\u00edas BP 18 Li 5,2 AS cargador r\u00e1pido TCL 6 mandril CENTROTEC portapuntas CENTROTEC mandril sujeci\u00f3n r\u00e1pida FastFix 13 mm punta PZ 2 clip para cintur\u00f3n de SYSTAINER SYS 2 T-LOC<\/p>\n","protected":false},"excerpt":{"rendered":"<p>2 Baterias 5.2 AS, cargador TCL 16<\/p>\n","protected":false},"featured_media":8675,"comment_status":"closed","ping_status":"closed","template":"","meta":{"_acf_changed":false},"product_brand":[1503],"product_cat":[796,797],"product_tag":[],"class_list":{"0":"post-8603","1":"product","2":"type-product","3":"status-publish","4":"has-post-thumbnail","6":"product_brand-festool","7":"product_cat-herramienta-electrica","8":"product_cat-festool","10":"first","11":"instock","12":"taxable","13":"shipping-taxable","14":"purchasable","15":"product-type-simple"},"acf":[],"_links":{"self":[{"href":"https:\/\/puertasmoral.com\/index.php?rest_route=\/wp\/v2\/product\/8603","targetHints":{"allow":["GET"]}}],"collection":[{"href":"https:\/\/puertasmoral.com\/index.php?rest_route=\/wp\/v2\/product"}],"about":[{"href":"https:\/\/puertasmoral.com\/index.php?rest_route=\/wp\/v2\/types\/product"}],"replies":[{"embeddable":true,"href":"https:\/\/puertasmoral.com\/index.php?rest_route=%2Fwp%2Fv2%2Fcomments&post=8603"}],"version-history":[{"count":1,"href":"https:\/\/puertasmoral.com\/index.php?rest_route=\/wp\/v2\/product\/8603\/revisions"}],"predecessor-version":[{"id":8676,"href":"https:\/\/puertasmoral.com\/index.php?rest_route=\/wp\/v2\/product\/8603\/revisions\/8676"}],"wp:featuredmedia":[{"embeddable":true,"href":"https:\/\/puertasmoral.com\/index.php?rest_route=\/wp\/v2\/media\/8675"}],"wp:attachment":[{"href":"https:\/\/puertasmoral.com\/index.php?rest_route=%2Fwp%2Fv2%2Fmedia&parent=8603"}],"wp:term":[{"taxonomy":"product_brand","embeddable":true,"href":"https:\/\/puertasmoral.com\/index.php?rest_route=%2Fwp%2Fv2%2Fproduct_brand&post=8603"},{"taxonomy":"product_cat","embeddable":true,"href":"https:\/\/puertasmoral.com\/index.php?rest_route=%2Fwp%2Fv2%2Fproduct_cat&post=8603"},{"taxonomy":"product_tag","embeddable":true,"href":"https:\/\/puertasmoral.com\/index.php?rest_route=%2Fwp%2Fv2%2Fproduct_tag&post=8603"}],"curies":[{"name":"wp","href":"https:\/\/api.w.org\/{rel}","templated":true}]}}