{"id":9961,"date":"2024-12-19T11:48:25","date_gmt":"2024-12-19T11:48:25","guid":{"rendered":"https:\/\/puertasmoral.com\/pergo-v4207-40220-roble-natural-ardeche\/"},"modified":"2025-06-17T10:56:06","modified_gmt":"2025-06-17T10:56:06","slug":"pergo-v4207-40220-roble-natural-ardeche","status":"publish","type":"product","link":"https:\/\/puertasmoral.com\/?product=pergo-v4207-40220-roble-natural-ardeche","title":{"rendered":"Pergo &#8211; V4207-40220 | Roble Natural Ardeche"},"content":{"rendered":"<p><span style=\"vertical-align: inherit;\"><span style=\"vertical-align: inherit;\">Namsen pro &#8211; V4207-40220<\/span><\/span><\/p>\n<p><strong><span style=\"vertical-align: inherit;\"><span style=\"vertical-align: inherit;\">Garantizar:\u00a0<\/span><\/span><\/strong><\/p>\n<p><span style=\"vertical-align: inherit;\"><span style=\"vertical-align: inherit;\"><\/span><\/span><\/p>\n<p>&nbsp;<\/p>\n<p><strong>Caracteristicas<\/strong><\/p>\n<ul>\n<li>Clase 33 &#8211; Apto para uso dom\u00e9stico intensivo<\/li>\n<li>Instalaci\u00f3n con clic<\/li>\n<li><span style=\"vertical-align: inherit;\"><span style=\"vertical-align: inherit;\">Compatible con sistemas de calefacci\u00f3n por suelo radiante<\/span><\/span><\/li>\n<li><span style=\"vertical-align: inherit;\"><span style=\"vertical-align: inherit;\">Compatible con sistemas de calefacci\u00f3n por suelo radiante<\/span><\/span><\/li>\n<li><span style=\"vertical-align: inherit;\"><span style=\"vertical-align: inherit;\">Resistente al agua<\/span><\/span><\/li>\n<\/ul>\n<p><strong>Protecci\u00f3n<\/strong><\/p>\n<p>La superficie del vinilo Pergo ofrece un acabado multicapa protector del suelo. La capa superior protectora proporciona resistencia frente a los ara\u00f1azos, las manchas y el desgaste, adem\u00e1s de un f\u00e1cil mantenimiento.<\/p>\n<p><strong>Resistencia al Agua<\/strong><\/p>\n<p><span style=\"vertical-align: inherit;\"><span style=\"vertical-align: inherit;\"><\/span><\/span><\/p>\n<p><strong>Dimensiones<\/strong><\/p>\n<p>Dimensiones Longitud 1251 mm Ancho 189 mm Altura 4 mm Tama\u00f1o del paquete 2,837 Contenido del paquete 12 planchas<\/p>\n<p><strong>Dise\u00f1o<\/strong><\/p>\n<p>Dise\u00f1o Color Natural Patr\u00f3n 1 list\u00f3n Patr\u00f3n Madera N\u00famero de ranuras 4 ranuras<\/p>\n<p>&nbsp;<\/p>\n<p>&nbsp;<\/p>\n<p>&nbsp;<\/p>\n<p>&nbsp;<\/p>\n","protected":false},"excerpt":{"rendered":"<p>Namsen pro &#8211; V4207-40220 Garantizar:\u00a0 &nbsp; Caracteristicas Clase 33 &#8211; Apto para uso dom\u00e9stico intensivo Instalaci\u00f3n con clic Compatible con sistemas de calefacci\u00f3n por suelo radiante Compatible con sistemas de calefacci\u00f3n por suelo radiante Resistente al agua Protecci\u00f3n La superficie del vinilo Pergo ofrece un acabado multicapa protector del suelo. La capa superior protectora proporciona<\/p>\n<div class=\"klb-readmore post-buttons\"><a class=\"btn variant-primary\" href=\"https:\/\/puertasmoral.com\/?product=pergo-v4207-40220-roble-natural-ardeche\">Read More <i class=\"klbth-icon-right-arrow\"><\/i><\/a><\/div>\n","protected":false},"featured_media":12028,"comment_status":"closed","ping_status":"open","template":"","meta":{"_acf_changed":false},"product_brand":[],"product_cat":[916,917],"product_tag":[],"class_list":{"0":"post-9961","1":"product","2":"type-product","3":"status-publish","4":"has-post-thumbnail","6":"product_cat-suelos","7":"product_cat-suelo-vinilico","8":"pa_color-natural","9":"pa_compatible-compatible-con-sistemas-de-calefaccion-por-suelo-radiante","10":"pa_garantia-garantia-de-por-vida","11":"pa_proteccion-proteccion-al-desgaste","12":"pa_resistente-resistente-al-agua","13":"pa_tipo-de-suelo-vinilo","14":"pa_uso-clase-33-apto-para-uso-domestico-intensivo","16":"first","17":"instock","18":"taxable","19":"shipping-taxable","20":"purchasable","21":"product-type-simple"},"acf":[],"_links":{"self":[{"href":"https:\/\/puertasmoral.com\/index.php?rest_route=\/wp\/v2\/product\/9961","targetHints":{"allow":["GET"]}}],"collection":[{"href":"https:\/\/puertasmoral.com\/index.php?rest_route=\/wp\/v2\/product"}],"about":[{"href":"https:\/\/puertasmoral.com\/index.php?rest_route=\/wp\/v2\/types\/product"}],"replies":[{"embeddable":true,"href":"https:\/\/puertasmoral.com\/index.php?rest_route=%2Fwp%2Fv2%2Fcomments&post=9961"}],"version-history":[{"count":2,"href":"https:\/\/puertasmoral.com\/index.php?rest_route=\/wp\/v2\/product\/9961\/revisions"}],"predecessor-version":[{"id":12632,"href":"https:\/\/puertasmoral.com\/index.php?rest_route=\/wp\/v2\/product\/9961\/revisions\/12632"}],"wp:featuredmedia":[{"embeddable":true,"href":"https:\/\/puertasmoral.com\/index.php?rest_route=\/wp\/v2\/media\/12028"}],"wp:attachment":[{"href":"https:\/\/puertasmoral.com\/index.php?rest_route=%2Fwp%2Fv2%2Fmedia&parent=9961"}],"wp:term":[{"taxonomy":"product_brand","embeddable":true,"href":"https:\/\/puertasmoral.com\/index.php?rest_route=%2Fwp%2Fv2%2Fproduct_brand&post=9961"},{"taxonomy":"product_cat","embeddable":true,"href":"https:\/\/puertasmoral.com\/index.php?rest_route=%2Fwp%2Fv2%2Fproduct_cat&post=9961"},{"taxonomy":"product_tag","embeddable":true,"href":"https:\/\/puertasmoral.com\/index.php?rest_route=%2Fwp%2Fv2%2Fproduct_tag&post=9961"}],"curies":[{"name":"wp","href":"https:\/\/api.w.org\/{rel}","templated":true}]}}