{"id":9987,"date":"2024-12-19T11:48:41","date_gmt":"2024-12-19T11:48:41","guid":{"rendered":"https:\/\/puertasmoral.com\/pergo-v4307-40215-roble-beige-noruego\/"},"modified":"2025-06-17T10:56:03","modified_gmt":"2025-06-17T10:56:03","slug":"pergo-v4307-40215-roble-beige-noruego","status":"publish","type":"product","link":"https:\/\/puertasmoral.com\/?product=pergo-v4307-40215-roble-beige-noruego","title":{"rendered":"Pergo &#8211; V4307-40215 | Roble Beige Noruego"},"content":{"rendered":"<p><span style=\"vertical-align: inherit;\"><span style=\"vertical-align: inherit;\">Namsen pad pro &#8211; V4307-40215<\/span><\/span> Datos del producto Tipo de suelo Vinilo Colecci\u00f3n Namsen pad pro C\u00f3digo comercial V4307-40215 Sistema Click Uniclic <strong><span style=\"vertical-align: inherit;\"><span style=\"vertical-align: inherit;\">Garantizar:\u00a0<\/span><\/span><\/strong> \u00a0 <strong>Caracteristicas<\/strong><\/p>\n<ul>\n<li>Clase 33 &#8211; Apto para uso dom\u00e9stico intensivo<\/li>\n<li>Capa de subsuelo acoplada<\/li>\n<li><span style=\"vertical-align: inherit;\"><span style=\"vertical-align: inherit;\">Compatible con sistemas de calefacci\u00f3n por suelo radiante<\/span><\/span><\/li>\n<li><span style=\"vertical-align: inherit;\"><span style=\"vertical-align: inherit;\">Compatible con sistemas de calefacci\u00f3n por suelo radiante<\/span><\/span><\/li>\n<li><span style=\"vertical-align: inherit;\"><span style=\"vertical-align: inherit;\">Resistente al agua<\/span><\/span><\/li>\n<\/ul>\n<p><strong>Protecci\u00f3n<\/strong> La superficie del vinilo Pergo ofrece un acabado multicapa protector del suelo. La capa superior protectora proporciona resistencia frente a los ara\u00f1azos, las manchas y el desgaste, adem\u00e1s de un f\u00e1cil mantenimiento. <strong>Resistencia al Agua<\/strong> <strong>Dimensiones<\/strong> Dimensiones Longitud 1251 mm Ancho 189 mm Altura 5 mm Tama\u00f1o del paquete 2,128 Contenido del paquete 9 planchas <strong>Dise\u00f1o<\/strong> Dise\u00f1o Color Beige Patr\u00f3n 1 list\u00f3n Patr\u00f3n Madera N\u00famero de ranuras 4 ranuras \u00a0 \u00a0 \u00a0 \u00a0<\/p>\n","protected":false},"excerpt":{"rendered":"<p>Namsen pad pro &#8211; V4307-40215 Datos del producto Tipo de suelo Vinilo Colecci\u00f3n Namsen pad pro C\u00f3digo comercial V4307-40215 Sistema Click Uniclic Garantizar:\u00a0 \u00a0 Caracteristicas Clase 33 &#8211; Apto para uso dom\u00e9stico intensivo Capa de subsuelo acoplada Compatible con sistemas de calefacci\u00f3n por suelo radiante Compatible con sistemas de calefacci\u00f3n por suelo radiante Resistente al<\/p>\n<div class=\"klb-readmore post-buttons\"><a class=\"btn variant-primary\" href=\"https:\/\/puertasmoral.com\/?product=pergo-v4307-40215-roble-beige-noruego\">Read More <i class=\"klbth-icon-right-arrow\"><\/i><\/a><\/div>\n","protected":false},"featured_media":12210,"comment_status":"closed","ping_status":"open","template":"","meta":{"_acf_changed":false},"product_brand":[],"product_cat":[916,917],"product_tag":[],"class_list":{"0":"post-9987","1":"product","2":"type-product","3":"status-publish","4":"has-post-thumbnail","6":"product_cat-suelos","7":"product_cat-suelo-vinilico","8":"pa_color-beige","9":"pa_compatible-compatible-con-sistemas-de-calefaccion-por-suelo-radiante","10":"pa_garantia-garantia-de-por-vida","11":"pa_proteccion-proteccion-al-desgaste","12":"pa_resistente-resistente-al-agua","13":"pa_tipo-de-suelo-vinilo","14":"pa_uso-clase-33-apto-para-uso-domestico-intensivo","16":"first","17":"instock","18":"taxable","19":"shipping-taxable","20":"purchasable","21":"product-type-simple"},"acf":[],"_links":{"self":[{"href":"https:\/\/puertasmoral.com\/index.php?rest_route=\/wp\/v2\/product\/9987","targetHints":{"allow":["GET"]}}],"collection":[{"href":"https:\/\/puertasmoral.com\/index.php?rest_route=\/wp\/v2\/product"}],"about":[{"href":"https:\/\/puertasmoral.com\/index.php?rest_route=\/wp\/v2\/types\/product"}],"replies":[{"embeddable":true,"href":"https:\/\/puertasmoral.com\/index.php?rest_route=%2Fwp%2Fv2%2Fcomments&post=9987"}],"version-history":[{"count":3,"href":"https:\/\/puertasmoral.com\/index.php?rest_route=\/wp\/v2\/product\/9987\/revisions"}],"predecessor-version":[{"id":22676,"href":"https:\/\/puertasmoral.com\/index.php?rest_route=\/wp\/v2\/product\/9987\/revisions\/22676"}],"wp:featuredmedia":[{"embeddable":true,"href":"https:\/\/puertasmoral.com\/index.php?rest_route=\/wp\/v2\/media\/12210"}],"wp:attachment":[{"href":"https:\/\/puertasmoral.com\/index.php?rest_route=%2Fwp%2Fv2%2Fmedia&parent=9987"}],"wp:term":[{"taxonomy":"product_brand","embeddable":true,"href":"https:\/\/puertasmoral.com\/index.php?rest_route=%2Fwp%2Fv2%2Fproduct_brand&post=9987"},{"taxonomy":"product_cat","embeddable":true,"href":"https:\/\/puertasmoral.com\/index.php?rest_route=%2Fwp%2Fv2%2Fproduct_cat&post=9987"},{"taxonomy":"product_tag","embeddable":true,"href":"https:\/\/puertasmoral.com\/index.php?rest_route=%2Fwp%2Fv2%2Fproduct_tag&post=9987"}],"curies":[{"name":"wp","href":"https:\/\/api.w.org\/{rel}","templated":true}]}}